{"id":3655,"date":"2020-09-07T16:00:57","date_gmt":"2020-09-07T14:00:57","guid":{"rendered":"http:\/\/www.giulianipharma.com\/chi-siamo\/"},"modified":"2021-10-27T12:14:44","modified_gmt":"2021-10-27T10:14:44","slug":"about-us","status":"publish","type":"page","link":"https:\/\/www.giulianipharma.com\/en\/about-us\/","title":{"rendered":"About us"},"content":{"rendered":"<h1><span class=\"light\" style=\"color: #ffffff;\">We are<\/span><\/h1>\n","protected":false},"excerpt":{"rendered":"<p>We are<\/p>\n","protected":false},"author":1,"featured_media":3366,"parent":0,"menu_order":4,"comment_status":"closed","ping_status":"closed","template":"template-chisiamo.php","meta":{"_acf_changed":false,"footnotes":""},"class_list":["post-3655","page","type-page","status-publish","has-post-thumbnail","hentry"],"acf":[],"yoast_head":"<!-- This site is optimized with the Yoast SEO plugin v27.2 - https:\/\/yoast.com\/product\/yoast-seo-wordpress\/ -->\n<title>About us | Societ\u00e0 Farmaceutica Italiana | Giuliani<\/title>\n<meta name=\"description\" content=\"Giuliani \u00e8 una Societ\u00e0 Farmaceutica italiana al 100% che opera nel segno dell\u2019Innovazione, della Qualit\u00e0, della Ricerca e dell\u2019Integrit\u00e0.\" \/>\n<meta name=\"robots\" content=\"index, follow, max-snippet:-1, max-image-preview:large, max-video-preview:-1\" \/>\n<link rel=\"canonical\" href=\"https:\/\/www.giulianipharma.com\/en\/about-us\/\" \/>\n<meta property=\"og:locale\" content=\"en_US\" \/>\n<meta property=\"og:type\" content=\"article\" \/>\n<meta property=\"og:title\" content=\"About us | Societ\u00e0 Farmaceutica Italiana | Giuliani\" \/>\n<meta property=\"og:description\" content=\"Giuliani \u00e8 una Societ\u00e0 Farmaceutica italiana al 100% che opera nel segno dell\u2019Innovazione, della Qualit\u00e0, della Ricerca e dell\u2019Integrit\u00e0.\" \/>\n<meta property=\"og:url\" content=\"https:\/\/www.giulianipharma.com\/en\/about-us\/\" \/>\n<meta property=\"og:site_name\" content=\"Giuliani | ricerca | Salute | Innovazione\" \/>\n<meta property=\"article:modified_time\" content=\"2021-10-27T10:14:44+00:00\" \/>\n<meta property=\"og:image\" content=\"https:\/\/www.giulianipharma.com\/wp-content\/uploads\/Copia-di-slide-1920_1000-giuliani.png\" \/>\n\t<meta property=\"og:image:width\" content=\"1920\" \/>\n\t<meta property=\"og:image:height\" content=\"780\" \/>\n\t<meta property=\"og:image:type\" content=\"image\/png\" \/>\n<meta name=\"twitter:card\" content=\"summary_large_image\" \/>\n<script type=\"application\/ld+json\" class=\"yoast-schema-graph\">{\"@context\":\"https:\/\/schema.org\",\"@graph\":[{\"@type\":\"WebPage\",\"@id\":\"https:\/\/www.giulianipharma.com\/en\/about-us\/\",\"url\":\"https:\/\/www.giulianipharma.com\/en\/about-us\/\",\"name\":\"About us | Societ\u00e0 Farmaceutica Italiana | Giuliani\",\"isPartOf\":{\"@id\":\"https:\/\/www.giulianipharma.com\/#website\"},\"primaryImageOfPage\":{\"@id\":\"https:\/\/www.giulianipharma.com\/en\/about-us\/#primaryimage\"},\"image\":{\"@id\":\"https:\/\/www.giulianipharma.com\/en\/about-us\/#primaryimage\"},\"thumbnailUrl\":\"https:\/\/www.giulianipharma.com\/wp-content\/uploads\/Copia-di-slide-1920_1000-giuliani.png\",\"datePublished\":\"2020-09-07T14:00:57+00:00\",\"dateModified\":\"2021-10-27T10:14:44+00:00\",\"description\":\"Giuliani \u00e8 una Societ\u00e0 Farmaceutica italiana al 100% che opera nel segno dell\u2019Innovazione, della Qualit\u00e0, della Ricerca e dell\u2019Integrit\u00e0.\",\"breadcrumb\":{\"@id\":\"https:\/\/www.giulianipharma.com\/en\/about-us\/#breadcrumb\"},\"inLanguage\":\"en-US\",\"potentialAction\":[{\"@type\":\"ReadAction\",\"target\":[\"https:\/\/www.giulianipharma.com\/en\/about-us\/\"]}]},{\"@type\":\"ImageObject\",\"inLanguage\":\"en-US\",\"@id\":\"https:\/\/www.giulianipharma.com\/en\/about-us\/#primaryimage\",\"url\":\"https:\/\/www.giulianipharma.com\/wp-content\/uploads\/Copia-di-slide-1920_1000-giuliani.png\",\"contentUrl\":\"https:\/\/www.giulianipharma.com\/wp-content\/uploads\/Copia-di-slide-1920_1000-giuliani.png\",\"width\":1920,\"height\":780},{\"@type\":\"BreadcrumbList\",\"@id\":\"https:\/\/www.giulianipharma.com\/en\/about-us\/#breadcrumb\",\"itemListElement\":[{\"@type\":\"ListItem\",\"position\":1,\"name\":\"Home\",\"item\":\"https:\/\/www.giulianipharma.com\/en\/\"},{\"@type\":\"ListItem\",\"position\":2,\"name\":\"About us\"}]},{\"@type\":\"WebSite\",\"@id\":\"https:\/\/www.giulianipharma.com\/#website\",\"url\":\"https:\/\/www.giulianipharma.com\/\",\"name\":\"Giuliani | ricerca | Salute | Innovazione\",\"description\":\"Giuliani passione per la scienza e per il benessere delle persone\",\"potentialAction\":[{\"@type\":\"SearchAction\",\"target\":{\"@type\":\"EntryPoint\",\"urlTemplate\":\"https:\/\/www.giulianipharma.com\/?s={search_term_string}\"},\"query-input\":{\"@type\":\"PropertyValueSpecification\",\"valueRequired\":true,\"valueName\":\"search_term_string\"}}],\"inLanguage\":\"en-US\"}]}<\/script>\n<!-- \/ Yoast SEO plugin. -->","yoast_head_json":{"title":"About us | Societ\u00e0 Farmaceutica Italiana | Giuliani","description":"Giuliani \u00e8 una Societ\u00e0 Farmaceutica italiana al 100% che opera nel segno dell\u2019Innovazione, della Qualit\u00e0, della Ricerca e dell\u2019Integrit\u00e0.","robots":{"index":"index","follow":"follow","max-snippet":"max-snippet:-1","max-image-preview":"max-image-preview:large","max-video-preview":"max-video-preview:-1"},"canonical":"https:\/\/www.giulianipharma.com\/en\/about-us\/","og_locale":"en_US","og_type":"article","og_title":"About us | Societ\u00e0 Farmaceutica Italiana | Giuliani","og_description":"Giuliani \u00e8 una Societ\u00e0 Farmaceutica italiana al 100% che opera nel segno dell\u2019Innovazione, della Qualit\u00e0, della Ricerca e dell\u2019Integrit\u00e0.","og_url":"https:\/\/www.giulianipharma.com\/en\/about-us\/","og_site_name":"Giuliani | ricerca | Salute | Innovazione","article_modified_time":"2021-10-27T10:14:44+00:00","og_image":[{"width":1920,"height":780,"url":"https:\/\/www.giulianipharma.com\/wp-content\/uploads\/Copia-di-slide-1920_1000-giuliani.png","type":"image\/png"}],"twitter_card":"summary_large_image","schema":{"@context":"https:\/\/schema.org","@graph":[{"@type":"WebPage","@id":"https:\/\/www.giulianipharma.com\/en\/about-us\/","url":"https:\/\/www.giulianipharma.com\/en\/about-us\/","name":"About us | Societ\u00e0 Farmaceutica Italiana | Giuliani","isPartOf":{"@id":"https:\/\/www.giulianipharma.com\/#website"},"primaryImageOfPage":{"@id":"https:\/\/www.giulianipharma.com\/en\/about-us\/#primaryimage"},"image":{"@id":"https:\/\/www.giulianipharma.com\/en\/about-us\/#primaryimage"},"thumbnailUrl":"https:\/\/www.giulianipharma.com\/wp-content\/uploads\/Copia-di-slide-1920_1000-giuliani.png","datePublished":"2020-09-07T14:00:57+00:00","dateModified":"2021-10-27T10:14:44+00:00","description":"Giuliani \u00e8 una Societ\u00e0 Farmaceutica italiana al 100% che opera nel segno dell\u2019Innovazione, della Qualit\u00e0, della Ricerca e dell\u2019Integrit\u00e0.","breadcrumb":{"@id":"https:\/\/www.giulianipharma.com\/en\/about-us\/#breadcrumb"},"inLanguage":"en-US","potentialAction":[{"@type":"ReadAction","target":["https:\/\/www.giulianipharma.com\/en\/about-us\/"]}]},{"@type":"ImageObject","inLanguage":"en-US","@id":"https:\/\/www.giulianipharma.com\/en\/about-us\/#primaryimage","url":"https:\/\/www.giulianipharma.com\/wp-content\/uploads\/Copia-di-slide-1920_1000-giuliani.png","contentUrl":"https:\/\/www.giulianipharma.com\/wp-content\/uploads\/Copia-di-slide-1920_1000-giuliani.png","width":1920,"height":780},{"@type":"BreadcrumbList","@id":"https:\/\/www.giulianipharma.com\/en\/about-us\/#breadcrumb","itemListElement":[{"@type":"ListItem","position":1,"name":"Home","item":"https:\/\/www.giulianipharma.com\/en\/"},{"@type":"ListItem","position":2,"name":"About us"}]},{"@type":"WebSite","@id":"https:\/\/www.giulianipharma.com\/#website","url":"https:\/\/www.giulianipharma.com\/","name":"Giuliani | ricerca | Salute | Innovazione","description":"Giuliani passione per la scienza e per il benessere delle persone","potentialAction":[{"@type":"SearchAction","target":{"@type":"EntryPoint","urlTemplate":"https:\/\/www.giulianipharma.com\/?s={search_term_string}"},"query-input":{"@type":"PropertyValueSpecification","valueRequired":true,"valueName":"search_term_string"}}],"inLanguage":"en-US"}]}},"_links":{"self":[{"href":"https:\/\/www.giulianipharma.com\/en\/wp-json\/wp\/v2\/pages\/3655","targetHints":{"allow":["GET"]}}],"collection":[{"href":"https:\/\/www.giulianipharma.com\/en\/wp-json\/wp\/v2\/pages"}],"about":[{"href":"https:\/\/www.giulianipharma.com\/en\/wp-json\/wp\/v2\/types\/page"}],"author":[{"embeddable":true,"href":"https:\/\/www.giulianipharma.com\/en\/wp-json\/wp\/v2\/users\/1"}],"replies":[{"embeddable":true,"href":"https:\/\/www.giulianipharma.com\/en\/wp-json\/wp\/v2\/comments?post=3655"}],"version-history":[{"count":5,"href":"https:\/\/www.giulianipharma.com\/en\/wp-json\/wp\/v2\/pages\/3655\/revisions"}],"predecessor-version":[{"id":3966,"href":"https:\/\/www.giulianipharma.com\/en\/wp-json\/wp\/v2\/pages\/3655\/revisions\/3966"}],"wp:featuredmedia":[{"embeddable":true,"href":"https:\/\/www.giulianipharma.com\/en\/wp-json\/wp\/v2\/media\/3366"}],"wp:attachment":[{"href":"https:\/\/www.giulianipharma.com\/en\/wp-json\/wp\/v2\/media?parent=3655"}],"curies":[{"name":"wp","href":"https:\/\/api.w.org\/{rel}","templated":true}]}}